{"id":1258,"date":"2019-04-18T11:07:10","date_gmt":"2019-04-18T11:07:10","guid":{"rendered":"https:\/\/exprom.ro\/despre-companie\/echipa\/madalina-haciu\/"},"modified":"2021-05-19T11:04:27","modified_gmt":"2021-05-19T11:04:27","slug":"catalina-gribincea","status":"publish","type":"page","link":"https:\/\/exprom.ro\/en\/about-the-company\/exprom-team\/catalina-gribincea\/","title":{"rendered":"C\u0103t\u0103lina GRIBINCEA"},"content":{"rendered":"<p>[vc_row css=&#8221;.vc_custom_1555579447288{padding-right: 20px !important;padding-left: 20px !important;}&#8221;][vc_column][vc_column_text]<a href=\"https:\/\/exprom.ro\/en\/about-the-company\/exprom-team\/\">&lt;&lt; back to the team<\/a>[\/vc_column_text][\/vc_column][\/vc_row][vc_row gap=&#8221;20&#8243; css=&#8221;.vc_custom_1555579235660{padding-right: 20px !important;padding-left: 20px !important;}&#8221;][vc_column width=&#8221;1\/3&#8243;][vc_single_image image=&#8221;2172&#8243; img_size=&#8221;full&#8221;][\/vc_column][vc_column width=&#8221;2\/3&#8243;][vc_custom_heading source=&#8221;post_title&#8221; use_theme_fonts=&#8221;yes&#8221; el_class=&#8221;h2_class2&#8243;][vc_custom_heading text=&#8221;Economist&#8221; font_container=&#8221;tag:h3|font_size:20px|text_align:left|color:%23a8a8a8|line_height:26px&#8221; use_theme_fonts=&#8221;yes&#8221;][vc_separator color=&#8221;sky&#8221; align=&#8221;align_left&#8221; el_width=&#8221;20&#8243;][vc_column_text]<strong>Equality exists only in mathematics<\/strong><\/p>\n<p>Devoted to a consistent work style with clear and well-elaborated methods, C\u0103t\u0103lina found in accounting the perfect tool of exercising and perfecting her professional values.<\/p>\n<p>Optimistic by nature, passionate about her activity, she turns teamwork into a captivating and motivating project.<\/p>\n<p>She attended the courses of Alexandru Ioan Cuza University, Faculty of Economics and Business Administration Ia\u0219i, building her career step by step. She worked for trade and construction companies and now she follows her economic vision within the Exprom team.[\/vc_column_text][\/vc_column][\/vc_row]<\/p>\n","protected":false},"excerpt":{"rendered":"<p>[vc_row css=&#8221;.vc_custom_1555579447288{padding-right: 20px !important;padding-left: 20px !important;}&#8221;][vc_column][vc_column_text]&lt;&lt; back to the team[\/vc_column_text][\/vc_column][\/vc_row][vc_row gap=&#8221;20&#8243; css=&#8221;.vc_custom_1555579235660{padding-right: 20px !important;padding-left: 20px !important;}&#8221;][vc_column width=&#8221;1\/3&#8243;][vc_single_image image=&#8221;2172&#8243; img_size=&#8221;full&#8221;][\/vc_column][vc_column width=&#8221;2\/3&#8243;][vc_custom_heading source=&#8221;post_title&#8221; use_theme_fonts=&#8221;yes&#8221; el_class=&#8221;h2_class2&#8243;][vc_custom_heading text=&#8221;Economist&#8221; font_container=&#8221;tag:h3|font_size:20px|text_align:left|color:%23a8a8a8|line_height:26px&#8221; use_theme_fonts=&#8221;yes&#8221;][vc_separator<span class=\"excerpt-hellip\"> [\u2026]<\/span><\/p>\n","protected":false},"author":1,"featured_media":0,"parent":1250,"menu_order":0,"comment_status":"closed","ping_status":"closed","template":"","meta":{"footnotes":""},"class_list":["post-1258","page","type-page","status-publish","hentry"],"yoast_head":"<!-- This site is optimized with the Yoast SEO plugin v25.6 - https:\/\/yoast.com\/wordpress\/plugins\/seo\/ -->\n<title>C\u0103t\u0103lina GRIBINCEA - Exprom<\/title>\n<meta name=\"description\" content=\"M\u0103d\u0103lina Haciu is our marketing specialist who puts passion in everything she does. She seeks the brand essence and beauty in people we work with.\" \/>\n<meta name=\"robots\" content=\"index, follow, max-snippet:-1, max-image-preview:large, max-video-preview:-1\" \/>\n<link rel=\"canonical\" href=\"https:\/\/exprom.ro\/en\/about-the-company\/exprom-team\/catalina-gribincea\/\" \/>\n<meta property=\"og:locale\" content=\"en_US\" \/>\n<meta property=\"og:type\" content=\"article\" \/>\n<meta property=\"og:title\" content=\"C\u0103t\u0103lina GRIBINCEA - Exprom\" \/>\n<meta property=\"og:description\" content=\"M\u0103d\u0103lina Haciu is our marketing specialist who puts passion in everything she does. She seeks the brand essence and beauty in people we work with.\" \/>\n<meta property=\"og:url\" content=\"https:\/\/exprom.ro\/en\/about-the-company\/exprom-team\/catalina-gribincea\/\" \/>\n<meta property=\"og:site_name\" content=\"Exprom\" \/>\n<meta property=\"article:modified_time\" content=\"2021-05-19T11:04:27+00:00\" \/>\n<meta property=\"og:image\" content=\"https:\/\/exprom.ro\/wp-content\/uploads\/2019\/04\/banner-homepage4.jpg\" \/>\n\t<meta property=\"og:image:width\" content=\"1177\" \/>\n\t<meta property=\"og:image:height\" content=\"677\" \/>\n\t<meta property=\"og:image:type\" content=\"image\/jpeg\" \/>\n<meta name=\"twitter:card\" content=\"summary_large_image\" \/>\n<meta name=\"twitter:label1\" content=\"Est. reading time\" \/>\n\t<meta name=\"twitter:data1\" content=\"1 minute\" \/>\n<!-- \/ Yoast SEO plugin. -->","yoast_head_json":{"title":"C\u0103t\u0103lina GRIBINCEA - Exprom","description":"M\u0103d\u0103lina Haciu is our marketing specialist who puts passion in everything she does. She seeks the brand essence and beauty in people we work with.","robots":{"index":"index","follow":"follow","max-snippet":"max-snippet:-1","max-image-preview":"max-image-preview:large","max-video-preview":"max-video-preview:-1"},"canonical":"https:\/\/exprom.ro\/en\/about-the-company\/exprom-team\/catalina-gribincea\/","og_locale":"en_US","og_type":"article","og_title":"C\u0103t\u0103lina GRIBINCEA - Exprom","og_description":"M\u0103d\u0103lina Haciu is our marketing specialist who puts passion in everything she does. She seeks the brand essence and beauty in people we work with.","og_url":"https:\/\/exprom.ro\/en\/about-the-company\/exprom-team\/catalina-gribincea\/","og_site_name":"Exprom","article_modified_time":"2021-05-19T11:04:27+00:00","og_image":[{"width":1177,"height":677,"url":"https:\/\/exprom.ro\/wp-content\/uploads\/2019\/04\/banner-homepage4.jpg","type":"image\/jpeg"}],"twitter_card":"summary_large_image","twitter_misc":{"Est. reading time":"1 minute"},"schema":{"@context":"https:\/\/schema.org","@graph":[{"@type":"WebPage","@id":"https:\/\/exprom.ro\/en\/about-the-company\/exprom-team\/catalina-gribincea\/","url":"https:\/\/exprom.ro\/en\/about-the-company\/exprom-team\/catalina-gribincea\/","name":"C\u0103t\u0103lina GRIBINCEA - Exprom","isPartOf":{"@id":"https:\/\/exprom.ro\/#website"},"datePublished":"2019-04-18T11:07:10+00:00","dateModified":"2021-05-19T11:04:27+00:00","description":"M\u0103d\u0103lina Haciu is our marketing specialist who puts passion in everything she does. She seeks the brand essence and beauty in people we work with.","breadcrumb":{"@id":"https:\/\/exprom.ro\/en\/about-the-company\/exprom-team\/catalina-gribincea\/#breadcrumb"},"inLanguage":"en-US","potentialAction":[{"@type":"ReadAction","target":["https:\/\/exprom.ro\/en\/about-the-company\/exprom-team\/catalina-gribincea\/"]}]},{"@type":"BreadcrumbList","@id":"https:\/\/exprom.ro\/en\/about-the-company\/exprom-team\/catalina-gribincea\/#breadcrumb","itemListElement":[{"@type":"ListItem","position":1,"name":"Home","item":"https:\/\/exprom.ro\/en\/"},{"@type":"ListItem","position":2,"name":"About the company","item":"https:\/\/exprom.ro\/en\/about-the-company\/"},{"@type":"ListItem","position":3,"name":"EXPROM team","item":"https:\/\/exprom.ro\/en\/about-the-company\/exprom-team\/"},{"@type":"ListItem","position":4,"name":"C\u0103t\u0103lina GRIBINCEA"}]},{"@type":"WebSite","@id":"https:\/\/exprom.ro\/#website","url":"https:\/\/exprom.ro\/","name":"Exprom","description":"","potentialAction":[{"@type":"SearchAction","target":{"@type":"EntryPoint","urlTemplate":"https:\/\/exprom.ro\/?s={search_term_string}"},"query-input":{"@type":"PropertyValueSpecification","valueRequired":true,"valueName":"search_term_string"}}],"inLanguage":"en-US"}]}},"_links":{"self":[{"href":"https:\/\/exprom.ro\/en\/wp-json\/wp\/v2\/pages\/1258","targetHints":{"allow":["GET"]}}],"collection":[{"href":"https:\/\/exprom.ro\/en\/wp-json\/wp\/v2\/pages"}],"about":[{"href":"https:\/\/exprom.ro\/en\/wp-json\/wp\/v2\/types\/page"}],"author":[{"embeddable":true,"href":"https:\/\/exprom.ro\/en\/wp-json\/wp\/v2\/users\/1"}],"replies":[{"embeddable":true,"href":"https:\/\/exprom.ro\/en\/wp-json\/wp\/v2\/comments?post=1258"}],"version-history":[{"count":9,"href":"https:\/\/exprom.ro\/en\/wp-json\/wp\/v2\/pages\/1258\/revisions"}],"predecessor-version":[{"id":1317,"href":"https:\/\/exprom.ro\/en\/wp-json\/wp\/v2\/pages\/1258\/revisions\/1317"}],"up":[{"embeddable":true,"href":"https:\/\/exprom.ro\/en\/wp-json\/wp\/v2\/pages\/1250"}],"wp:attachment":[{"href":"https:\/\/exprom.ro\/en\/wp-json\/wp\/v2\/media?parent=1258"}],"curies":[{"name":"wp","href":"https:\/\/api.w.org\/{rel}","templated":true}]}}