{"id":1254,"date":"2019-04-18T10:36:38","date_gmt":"2019-04-18T10:36:38","guid":{"rendered":"https:\/\/exprom.ro\/despre-companie\/echipa\/lacramioara-ichim\/"},"modified":"2019-08-30T10:35:22","modified_gmt":"2019-08-30T10:35:22","slug":"lacramioara-ichim","status":"publish","type":"page","link":"https:\/\/exprom.ro\/en\/about-the-company\/exprom-team\/lacramioara-ichim\/","title":{"rendered":"L\u0103cr\u0103mioara ICHIM"},"content":{"rendered":"<p>[vc_row css=&#8221;.vc_custom_1555579447288{padding-right: 20px !important;padding-left: 20px !important;}&#8221;][vc_column][vc_column_text]<a href=\"https:\/\/exprom.ro\/en\/about-the-company\/exprom-team\/\">&lt;&lt; back to the team<\/a>[\/vc_column_text][\/vc_column][\/vc_row][vc_row gap=&#8221;20&#8243; css=&#8221;.vc_custom_1555579235660{padding-right: 20px !important;padding-left: 20px !important;}&#8221;][vc_column width=&#8221;1\/3&#8243;][vc_single_image image=&#8221;749&#8243; img_size=&#8221;full&#8221;][\/vc_column][vc_column width=&#8221;2\/3&#8243;][vc_custom_heading source=&#8221;post_title&#8221; use_theme_fonts=&#8221;yes&#8221; el_class=&#8221;h2_class2&#8243;][vc_custom_heading text=&#8221;Human resources specialist&#8221; font_container=&#8221;tag:h3|font_size:20px|text_align:left|color:%23a8a8a8|line_height:26px&#8221; use_theme_fonts=&#8221;yes&#8221;][vc_separator color=&#8221;sky&#8221; align=&#8221;align_left&#8221; el_width=&#8221;20&#8243;][vc_column_text]<strong>More of that human touch<\/strong><\/p>\n<p>L\u0103cr\u0103mioara, with all the knowledge gained, knows best how to be human. And we think she is really good at this!<\/p>\n<p>A complex, fully trained professional in HoReCa, she reached the age of majority in hospitality. But as life with its paths does not cease to amaze us, she recently agreed to pursue an older passion: human resources.<\/p>\n<p>With a solid foundation in HR and experience in managing the most important asset of a company, people, L\u0103cr\u0103mioara fitted perfectly with the Exprom team.<\/p>\n<p>For L\u0103cr\u0103mioara, the success took time and hard work, and today she is in charge of the payroll activities for our partners and the management of human resources.<\/p>\n<p>As guiding principles in life, respect for other people&#8217;s work and balance in everything she does surely occupy the top places in her set of values.<\/p>\n<p>Her life experience adds wisely to her training and professional achievements. Thus, L\u0103cr\u0103mioara graduated a Mathematics-Informatics high school, and because hospitality was her first love, she chose the Economy of Trade, Tourism and Services specialization, later obtaining the qualification of Human Resource Inspector.[\/vc_column_text][\/vc_column][\/vc_row]<\/p>\n","protected":false},"excerpt":{"rendered":"<p>[vc_row css=&#8221;.vc_custom_1555579447288{padding-right: 20px !important;padding-left: 20px !important;}&#8221;][vc_column][vc_column_text]&lt;&lt; back to the team[\/vc_column_text][\/vc_column][\/vc_row][vc_row gap=&#8221;20&#8243; css=&#8221;.vc_custom_1555579235660{padding-right: 20px !important;padding-left: 20px !important;}&#8221;][vc_column width=&#8221;1\/3&#8243;][vc_single_image image=&#8221;749&#8243; img_size=&#8221;full&#8221;][\/vc_column][vc_column width=&#8221;2\/3&#8243;][vc_custom_heading source=&#8221;post_title&#8221; use_theme_fonts=&#8221;yes&#8221; el_class=&#8221;h2_class2&#8243;][vc_custom_heading text=&#8221;Human resources specialist&#8221;<span class=\"excerpt-hellip\"> [\u2026]<\/span><\/p>\n","protected":false},"author":1,"featured_media":0,"parent":1250,"menu_order":0,"comment_status":"closed","ping_status":"closed","template":"","meta":{"footnotes":""},"class_list":["post-1254","page","type-page","status-publish","hentry"],"yoast_head":"<!-- This site is optimized with the Yoast SEO plugin v25.6 - https:\/\/yoast.com\/wordpress\/plugins\/seo\/ -->\n<title>L\u0103cr\u0103mioara ICHIM - Exprom<\/title>\n<meta name=\"description\" content=\"L\u0103cr\u0103mioara Ichim is our Human Resources Specialist and we are proud to have her on our team. Discover all team members and the accounting services we provide.\" \/>\n<meta name=\"robots\" content=\"index, follow, max-snippet:-1, max-image-preview:large, max-video-preview:-1\" \/>\n<link rel=\"canonical\" href=\"https:\/\/exprom.ro\/en\/about-the-company\/exprom-team\/lacramioara-ichim\/\" \/>\n<meta property=\"og:locale\" content=\"en_US\" \/>\n<meta property=\"og:type\" content=\"article\" \/>\n<meta property=\"og:title\" content=\"L\u0103cr\u0103mioara ICHIM - Exprom\" \/>\n<meta property=\"og:description\" content=\"L\u0103cr\u0103mioara Ichim is our Human Resources Specialist and we are proud to have her on our team. Discover all team members and the accounting services we provide.\" \/>\n<meta property=\"og:url\" content=\"https:\/\/exprom.ro\/en\/about-the-company\/exprom-team\/lacramioara-ichim\/\" \/>\n<meta property=\"og:site_name\" content=\"Exprom\" \/>\n<meta property=\"article:modified_time\" content=\"2019-08-30T10:35:22+00:00\" \/>\n<meta property=\"og:image\" content=\"https:\/\/exprom.ro\/wp-content\/uploads\/2019\/04\/banner-homepage4.jpg\" \/>\n\t<meta property=\"og:image:width\" content=\"1177\" \/>\n\t<meta property=\"og:image:height\" content=\"677\" \/>\n\t<meta property=\"og:image:type\" content=\"image\/jpeg\" \/>\n<meta name=\"twitter:card\" content=\"summary_large_image\" \/>\n<meta name=\"twitter:label1\" content=\"Est. reading time\" \/>\n\t<meta name=\"twitter:data1\" content=\"2 minutes\" \/>\n<!-- \/ Yoast SEO plugin. -->","yoast_head_json":{"title":"L\u0103cr\u0103mioara ICHIM - Exprom","description":"L\u0103cr\u0103mioara Ichim is our Human Resources Specialist and we are proud to have her on our team. Discover all team members and the accounting services we provide.","robots":{"index":"index","follow":"follow","max-snippet":"max-snippet:-1","max-image-preview":"max-image-preview:large","max-video-preview":"max-video-preview:-1"},"canonical":"https:\/\/exprom.ro\/en\/about-the-company\/exprom-team\/lacramioara-ichim\/","og_locale":"en_US","og_type":"article","og_title":"L\u0103cr\u0103mioara ICHIM - Exprom","og_description":"L\u0103cr\u0103mioara Ichim is our Human Resources Specialist and we are proud to have her on our team. Discover all team members and the accounting services we provide.","og_url":"https:\/\/exprom.ro\/en\/about-the-company\/exprom-team\/lacramioara-ichim\/","og_site_name":"Exprom","article_modified_time":"2019-08-30T10:35:22+00:00","og_image":[{"width":1177,"height":677,"url":"https:\/\/exprom.ro\/wp-content\/uploads\/2019\/04\/banner-homepage4.jpg","type":"image\/jpeg"}],"twitter_card":"summary_large_image","twitter_misc":{"Est. reading time":"2 minutes"},"schema":{"@context":"https:\/\/schema.org","@graph":[{"@type":"WebPage","@id":"https:\/\/exprom.ro\/en\/about-the-company\/exprom-team\/lacramioara-ichim\/","url":"https:\/\/exprom.ro\/en\/about-the-company\/exprom-team\/lacramioara-ichim\/","name":"L\u0103cr\u0103mioara ICHIM - Exprom","isPartOf":{"@id":"https:\/\/exprom.ro\/#website"},"datePublished":"2019-04-18T10:36:38+00:00","dateModified":"2019-08-30T10:35:22+00:00","description":"L\u0103cr\u0103mioara Ichim is our Human Resources Specialist and we are proud to have her on our team. Discover all team members and the accounting services we provide.","breadcrumb":{"@id":"https:\/\/exprom.ro\/en\/about-the-company\/exprom-team\/lacramioara-ichim\/#breadcrumb"},"inLanguage":"en-US","potentialAction":[{"@type":"ReadAction","target":["https:\/\/exprom.ro\/en\/about-the-company\/exprom-team\/lacramioara-ichim\/"]}]},{"@type":"BreadcrumbList","@id":"https:\/\/exprom.ro\/en\/about-the-company\/exprom-team\/lacramioara-ichim\/#breadcrumb","itemListElement":[{"@type":"ListItem","position":1,"name":"Home","item":"https:\/\/exprom.ro\/en\/"},{"@type":"ListItem","position":2,"name":"About the company","item":"https:\/\/exprom.ro\/en\/about-the-company\/"},{"@type":"ListItem","position":3,"name":"EXPROM team","item":"https:\/\/exprom.ro\/en\/about-the-company\/exprom-team\/"},{"@type":"ListItem","position":4,"name":"L\u0103cr\u0103mioara ICHIM"}]},{"@type":"WebSite","@id":"https:\/\/exprom.ro\/#website","url":"https:\/\/exprom.ro\/","name":"Exprom","description":"","potentialAction":[{"@type":"SearchAction","target":{"@type":"EntryPoint","urlTemplate":"https:\/\/exprom.ro\/?s={search_term_string}"},"query-input":{"@type":"PropertyValueSpecification","valueRequired":true,"valueName":"search_term_string"}}],"inLanguage":"en-US"}]}},"_links":{"self":[{"href":"https:\/\/exprom.ro\/en\/wp-json\/wp\/v2\/pages\/1254","targetHints":{"allow":["GET"]}}],"collection":[{"href":"https:\/\/exprom.ro\/en\/wp-json\/wp\/v2\/pages"}],"about":[{"href":"https:\/\/exprom.ro\/en\/wp-json\/wp\/v2\/types\/page"}],"author":[{"embeddable":true,"href":"https:\/\/exprom.ro\/en\/wp-json\/wp\/v2\/users\/1"}],"replies":[{"embeddable":true,"href":"https:\/\/exprom.ro\/en\/wp-json\/wp\/v2\/comments?post=1254"}],"version-history":[{"count":5,"href":"https:\/\/exprom.ro\/en\/wp-json\/wp\/v2\/pages\/1254\/revisions"}],"predecessor-version":[{"id":1573,"href":"https:\/\/exprom.ro\/en\/wp-json\/wp\/v2\/pages\/1254\/revisions\/1573"}],"up":[{"embeddable":true,"href":"https:\/\/exprom.ro\/en\/wp-json\/wp\/v2\/pages\/1250"}],"wp:attachment":[{"href":"https:\/\/exprom.ro\/en\/wp-json\/wp\/v2\/media?parent=1254"}],"curies":[{"name":"wp","href":"https:\/\/api.w.org\/{rel}","templated":true}]}}