{"id":1250,"date":"2019-04-04T12:58:25","date_gmt":"2019-04-04T12:58:25","guid":{"rendered":"https:\/\/exprom.ro\/despre-companie\/echipa\/"},"modified":"2023-10-11T11:05:02","modified_gmt":"2023-10-11T11:05:02","slug":"exprom-team","status":"publish","type":"page","link":"https:\/\/exprom.ro\/en\/about-the-company\/exprom-team\/","title":{"rendered":"EXPROM team"},"content":{"rendered":"<p>[vc_row gap=&#8221;20&#8243; css=&#8221;.vc_custom_1556634597513{padding-top: 0px !important;padding-right: 30px !important;padding-bottom: 30px !important;padding-left: 30px !important;}&#8221;][vc_column][vc_custom_heading text=&#8221;#IamExprom&#8221; font_container=&#8221;tag:h2|text_align:center&#8221; use_theme_fonts=&#8221;yes&#8221; css=&#8221;.vc_custom_1666087104086{padding-bottom: 10px !important;}&#8221;][vc_column_text]<\/p>\n<p style=\"text-align: center;\"><strong>Brands are made by people for people.<\/strong><\/p>\n<p>Each company aims, through its services or products, to solve the needs or wishes of other people. Thus, in the natural order of things, at Exprom we strongly focus on people. We invest in developing their skills, encourage them to reach their potential and perhaps most importantly offer them the opportunity to have a healthy work-life balance.<\/p>\n<p>We work with talented, happy professionals who treat each client with dedication and enthusiasm. Therefore, the Exprom partners are, above all, their partners. And this makes the difference, which is best reflected in the overall performance of the company.[\/vc_column_text][\/vc_column][\/vc_row][vc_row gap=&#8221;20&#8243; css=&#8221;.vc_custom_1555580052237{padding-right: 30px !important;padding-left: 30px !important;}&#8221;][vc_column width=&#8221;1\/3&#8243;][\/vc_column][vc_column width=&#8221;1\/3&#8243;]<div class=\"team team_circle\"><div class=\"image_frame photo no_link scale-with-grid\"><div class=\"image_wrapper\"><a href=\"https:\/\/exprom.ro\/en\/about-the-company\/exprom-team\/lucian-nicolae-nedelcu\/\"  title=\"\"><img loading=\"lazy\" decoding=\"async\" class=\"scale-with-grid\" src=\"https:\/\/exprom.ro\/wp-content\/uploads\/2019\/04\/Sedinta-foto-0131.jpg\" alt=\"Lucian Nedelcu - Expert contabil \/ Director General\" width=\"1673\" height=\"2048\"\/><\/a><\/div><\/div><div class=\"desc_wrapper clearfix\"><h4 class=\"desc_wrappper_title \"><a href=\"https:\/\/exprom.ro\/en\/about-the-company\/exprom-team\/lucian-nicolae-nedelcu\/\" >Lucian NEDELCU<\/a><\/h4><p class=\"subtitle\">General Manager<\/p><hr class=\"hr_color\" \/><div class=\"desc\">Numbers with life<br \/>\nA man and a dream, which even today shine with the same intensity,<br \/>\nrepresent the foundation of what Exprom is nowadays&#8230;<br \/>\n<\/div><div class=\"links\"><a href=\"mailto:lucian.nedelcu@exprom.ro\" class=\"icon_bar icon_bar_small mail\" aria-label=\"mail\"><span class=\"t\"><i class=\"icon-mail\"><\/i><\/span><span class=\"b\"><i class=\"icon-mail\" aria-hidden=\"true\"><\/i><\/span><\/a><\/div><\/div><\/div>\n[\/vc_column][vc_column width=&#8221;1\/3&#8243;][\/vc_column][\/vc_row][vc_row gap=&#8221;20&#8243; css=&#8221;.vc_custom_1554384456401{padding-right: 30px !important;padding-left: 30px !important;}&#8221;][vc_column width=&#8221;1\/2&#8243;]<div class=\"team team_circle\"><div class=\"image_frame photo no_link scale-with-grid\"><div class=\"image_wrapper\"><a href=\"https:\/\/exprom.ro\/en\/about-the-company\/exprom-team\/mihaela-nedelcu\/\"  title=\"\"><img loading=\"lazy\" decoding=\"async\" class=\"scale-with-grid\" src=\"https:\/\/exprom.ro\/wp-content\/uploads\/2019\/05\/Sedinta-foto-023.jpg\" alt=\"Mihaela Nedelcu - Economist\" width=\"1365\" height=\"2048\"\/><\/a><\/div><\/div><div class=\"desc_wrapper clearfix\"><h4 class=\"desc_wrappper_title \"><a href=\"https:\/\/exprom.ro\/en\/about-the-company\/exprom-team\/mihaela-nedelcu\/\" >Mihaela NEDELCU<\/a><\/h4><p class=\"subtitle\">Economist<\/p><hr class=\"hr_color\" \/><div class=\"desc\">Accounting as an art<br \/>\nMihaela is a multilaterally developed person&#8230;<\/div><div class=\"links\"><a href=\"mailto:mihaela.nedelcu@exprom.ro\" class=\"icon_bar icon_bar_small mail\" aria-label=\"mail\"><span class=\"t\"><i class=\"icon-mail\"><\/i><\/span><span class=\"b\"><i class=\"icon-mail\" aria-hidden=\"true\"><\/i><\/span><\/a><\/div><\/div><\/div>\n[\/vc_column][vc_column width=&#8221;1\/2&#8243;]<div class=\"team team_circle\"><div class=\"image_frame photo no_link scale-with-grid\"><div class=\"image_wrapper\"><a href=\"https:\/\/exprom.ro\/en\/about-the-company\/exprom-team\/victorin-david\/\"  title=\"\"><img loading=\"lazy\" decoding=\"async\" class=\"scale-with-grid\" src=\"https:\/\/exprom.ro\/wp-content\/uploads\/2019\/05\/Sedinta-foto-057.jpg\" alt=\"Victor David - Expert contabil\" width=\"1365\" height=\"2048\"\/><\/a><\/div><\/div><div class=\"desc_wrapper clearfix\"><h4 class=\"desc_wrappper_title \"><a href=\"https:\/\/exprom.ro\/en\/about-the-company\/exprom-team\/victorin-david\/\" >Victorin DAVID<\/a><\/h4><p class=\"subtitle\">Expert accountant<\/p><hr class=\"hr_color\" \/><div class=\"desc\">The good and wise man<br \/>\nVictorin is one of Exprom&#8217;s expert accountants&#8230;<\/div><div class=\"links\"><a href=\"mailto:victorin.david@exprom.ro\" class=\"icon_bar icon_bar_small mail\" aria-label=\"mail\"><span class=\"t\"><i class=\"icon-mail\"><\/i><\/span><span class=\"b\"><i class=\"icon-mail\" aria-hidden=\"true\"><\/i><\/span><\/a><\/div><\/div><\/div>\n[\/vc_column][\/vc_row][vc_row gap=&#8221;20&#8243; css=&#8221;.vc_custom_1554909261619{margin-bottom: 50px !important;padding-right: 30px !important;padding-left: 30px !important;}&#8221;][vc_column width=&#8221;1\/2&#8243;]<div class=\"team team_circle\"><div class=\"image_frame photo no_link scale-with-grid\"><div class=\"image_wrapper\"><a href=\"https:\/\/exprom.ro\/en\/about-the-company\/exprom-team\/catalina-gribincea\/\"  title=\"\"><img loading=\"lazy\" decoding=\"async\" class=\"scale-with-grid\" src=\"https:\/\/exprom.ro\/wp-content\/uploads\/2021\/05\/1DUS9536.jpg\" alt=\"1DUS9536\" width=\"1365\" height=\"2048\"\/><\/a><\/div><\/div><div class=\"desc_wrapper clearfix\"><h4 class=\"desc_wrappper_title \"><a href=\"https:\/\/exprom.ro\/en\/about-the-company\/exprom-team\/catalina-gribincea\/\" >C\u0103t\u0103lina GRIBINCEA<\/a><\/h4><p class=\"subtitle\">Economist<\/p><hr class=\"hr_color\" \/><div class=\"desc\">Equality exists only in mathematics<br \/>\nFaithful to a consistent work style with clear and well-elaborated methods, C\u0103t\u0103lina found in accounting&#8230;<\/div><div class=\"links\"><a href=\"mailto:catalina.gribincea@exprom.ro\" class=\"icon_bar icon_bar_small mail\" aria-label=\"mail\"><span class=\"t\"><i class=\"icon-mail\"><\/i><\/span><span class=\"b\"><i class=\"icon-mail\" aria-hidden=\"true\"><\/i><\/span><\/a><\/div><\/div><\/div>\n[\/vc_column][vc_column width=&#8221;1\/2&#8243;]<div class=\"team team_circle\"><div class=\"image_frame photo no_link scale-with-grid\"><div class=\"image_wrapper\"><a href=\"https:\/\/exprom.ro\/en\/about-the-company\/exprom-team\/lacramioara-ichim\/\"  title=\"\"><img loading=\"lazy\" decoding=\"async\" class=\"scale-with-grid\" src=\"https:\/\/exprom.ro\/wp-content\/uploads\/2019\/04\/Sedinta-foto-0005.jpg\" alt=\"Lacramioara Ichim - Specialist Resurse Umane\" width=\"1450\" height=\"2048\"\/><\/a><\/div><\/div><div class=\"desc_wrapper clearfix\"><h4 class=\"desc_wrappper_title \"><a href=\"https:\/\/exprom.ro\/en\/about-the-company\/exprom-team\/lacramioara-ichim\/\" >L\u0103cr\u0103mioara ICHIM<\/a><\/h4><p class=\"subtitle\">Human resources specialist<\/p><hr class=\"hr_color\" \/><div class=\"desc\">More of that human touch<br \/>\nL\u0103cr\u0103mioara, with all the knowledge gained, knows best how to be human&#8230;<br \/>\n<\/div><div class=\"links\"><a href=\"mailto:lacramioara.ichim@exprom.ro\" class=\"icon_bar icon_bar_small mail\" aria-label=\"mail\"><span class=\"t\"><i class=\"icon-mail\"><\/i><\/span><span class=\"b\"><i class=\"icon-mail\" aria-hidden=\"true\"><\/i><\/span><\/a><\/div><\/div><\/div>\n[\/vc_column][\/vc_row][vc_row parallax=&#8221;content-moving&#8221; parallax_image=&#8221;93&#8243; css=&#8221;.vc_custom_1556634129821{padding-top: 50px !important;padding-right: 30px !important;padding-left: 30px !important;background-image: url(https:\/\/exprom.ro\/wp-content\/uploads\/2016\/02\/expert-contabil-iasi-angajari-bg.jpg?id=93) !important;background-position: center;background-repeat: no-repeat;background-size: cover !important;}&#8221;][vc_column][vc_row_inner content_placement=&#8221;middle&#8221;][vc_column_inner width=&#8221;2\/3&#8243;][vc_custom_heading text=&#8221;Exprom is hiring!&#8221; use_theme_fonts=&#8221;yes&#8221; css=&#8221;.vc_custom_1561531067366{padding-bottom: 20px !important;}&#8221;][vc_column_text]Although it is a place about and driven by people who are best at money, Exprom is also a place where the human resource is just as valuable as the financial one.<\/p>\n<p>We are a young team, we have 21 years of experience on the financial-accounting-tax market and we promise you that in our company you will find more than a job. Here kindness is our second nature, open discussions are welcomed and justified ideas are encouraged.<\/p>\n<p>As for our place on the market, we can only say this to you: although we received plenty of recognition at local and national level, we don&#8217;t believe we are the best. That is why we are striving each day to be better and continue to learn.<\/p>\n<p>If you also identified your values here and are curious how your career can flourish in a team focused on human quality, we invite you to read more details on our career page.[\/vc_column_text][\/vc_column_inner][vc_column_inner width=&#8221;1\/3&#8243;][vc_custom_heading text=&#8221;JOIN OUR PLAYGROUND OF NUMBERS!&#8221; font_container=&#8221;tag:h2|text_align:center&#8221; use_theme_fonts=&#8221;yes&#8221; css=&#8221;.vc_custom_1561531089190{padding-bottom: 20px !important;}&#8221;][vc_btn title=&#8221;APPLY ONLINE&#8221; style=&#8221;outline&#8221; shape=&#8221;square&#8221; align=&#8221;center&#8221; link=&#8221;url:https%3A%2F%2Fexprom.ro%2Fen%2Fdespre-companie%2Fexprom-careers%2F|title:https%3A%2F%2Fexprom.ro%2Fen%2Fdespre-companie%2Fexprom-careers%2F|target:%20_blank|&#8221;][\/vc_column_inner][\/vc_row_inner][\/vc_column][\/vc_row][vc_row full_width=&#8221;stretch_row&#8221; parallax=&#8221;content-moving&#8221; parallax_image=&#8221;93&#8243; parallax_speed_bg=&#8221;1.9&#8243; disable_element=&#8221;yes&#8221; css=&#8221;.vc_custom_1556634247233{padding-top: 80px !important;padding-bottom: 40px !important;background-position: center;background-repeat: no-repeat !important;background-size: cover !important;}&#8221;][vc_column width=&#8221;2\/3&#8243;][vc_separator][vc_custom_heading text=&#8221;Exprom recruteaz\u0103: vino \u00een casa cu cifre!&#8221; font_container=&#8221;tag:h3|text_align:left&#8221; use_theme_fonts=&#8221;yes&#8221; css=&#8221;.vc_custom_1556634009677{margin-left: 20px !important;}&#8221;][vc_custom_heading text=&#8221;Dac\u0103 \u021bi-ai reg\u0103sit principiile \u0219i e\u0219ti curios\/curioas\u0103 cum poate \u00eenflori cariera ta \u00eentr-o echip\u0103 care pune accent pe calitatea uman\u0103, te invit\u0103m s\u0103-\u021bi \u00eendrep\u021bi privirea spre pagina de cariere, \u0219i s\u0103 completezi un CV online!&#8221; font_container=&#8221;tag:h5|text_align:left&#8221; use_theme_fonts=&#8221;yes&#8221; css=&#8221;.vc_custom_1555056044125{margin-left: 20px !important;}&#8221;][\/vc_column][vc_column width=&#8221;1\/3&#8243;][vc_btn title=&#8221;APLIC\u0102 ON-LINE!&#8221; style=&#8221;outline&#8221; shape=&#8221;square&#8221; size=&#8221;lg&#8221; i_icon_fontawesome=&#8221;fa fa-caret-right&#8221; add_icon=&#8221;true&#8221; el_class=&#8221;custom-button&#8221; link=&#8221;url:%2Fdespre-companie%2Fcariere-exprom%2F|||&#8221;][\/vc_column][\/vc_row]<\/p>\n","protected":false},"excerpt":{"rendered":"<p>[vc_row gap=&#8221;20&#8243; css=&#8221;.vc_custom_1556634597513{padding-top: 0px !important;padding-right: 30px !important;padding-bottom: 30px !important;padding-left: 30px !important;}&#8221;][vc_column][vc_custom_heading text=&#8221;#IamExprom&#8221; font_container=&#8221;tag:h2|text_align:center&#8221; use_theme_fonts=&#8221;yes&#8221; css=&#8221;.vc_custom_1666087104086{padding-bottom: 10px !important;}&#8221;][vc_column_text] Brands are made by people for people. Each company<span class=\"excerpt-hellip\"> [\u2026]<\/span><\/p>\n","protected":false},"author":1,"featured_media":0,"parent":1201,"menu_order":0,"comment_status":"closed","ping_status":"closed","template":"","meta":{"footnotes":""},"class_list":["post-1250","page","type-page","status-publish","hentry"],"yoast_head":"<!-- This site is optimized with the Yoast SEO plugin v25.6 - https:\/\/yoast.com\/wordpress\/plugins\/seo\/ -->\n<title>Accounting experts Ia\u0219i<\/title>\n<meta name=\"description\" content=\"Our team of highly experienced and proficient accounting professionals is looking forward to meeting you. Are you in?\" \/>\n<meta name=\"robots\" content=\"index, follow, max-snippet:-1, max-image-preview:large, max-video-preview:-1\" \/>\n<link rel=\"canonical\" href=\"https:\/\/exprom.ro\/en\/about-the-company\/exprom-team\/\" \/>\n<meta property=\"og:locale\" content=\"en_US\" \/>\n<meta property=\"og:type\" content=\"article\" \/>\n<meta property=\"og:title\" content=\"Accounting experts Ia\u0219i\" \/>\n<meta property=\"og:description\" content=\"Our team of highly experienced and proficient accounting professionals is looking forward to meeting you. Are you in?\" \/>\n<meta property=\"og:url\" content=\"https:\/\/exprom.ro\/en\/about-the-company\/exprom-team\/\" \/>\n<meta property=\"og:site_name\" content=\"Exprom\" \/>\n<meta property=\"article:modified_time\" content=\"2023-10-11T11:05:02+00:00\" \/>\n<meta property=\"og:image\" content=\"https:\/\/exprom.ro\/wp-content\/uploads\/2019\/04\/banner-homepage4.jpg\" \/>\n\t<meta property=\"og:image:width\" content=\"1177\" \/>\n\t<meta property=\"og:image:height\" content=\"677\" \/>\n\t<meta property=\"og:image:type\" content=\"image\/jpeg\" \/>\n<meta name=\"twitter:card\" content=\"summary_large_image\" \/>\n<meta name=\"twitter:label1\" content=\"Est. reading time\" \/>\n\t<meta name=\"twitter:data1\" content=\"4 minutes\" \/>\n<!-- \/ Yoast SEO plugin. -->","yoast_head_json":{"title":"Accounting experts Ia\u0219i","description":"Our team of highly experienced and proficient accounting professionals is looking forward to meeting you. Are you in?","robots":{"index":"index","follow":"follow","max-snippet":"max-snippet:-1","max-image-preview":"max-image-preview:large","max-video-preview":"max-video-preview:-1"},"canonical":"https:\/\/exprom.ro\/en\/about-the-company\/exprom-team\/","og_locale":"en_US","og_type":"article","og_title":"Accounting experts Ia\u0219i","og_description":"Our team of highly experienced and proficient accounting professionals is looking forward to meeting you. Are you in?","og_url":"https:\/\/exprom.ro\/en\/about-the-company\/exprom-team\/","og_site_name":"Exprom","article_modified_time":"2023-10-11T11:05:02+00:00","og_image":[{"width":1177,"height":677,"url":"https:\/\/exprom.ro\/wp-content\/uploads\/2019\/04\/banner-homepage4.jpg","type":"image\/jpeg"}],"twitter_card":"summary_large_image","twitter_misc":{"Est. reading time":"4 minutes"},"schema":{"@context":"https:\/\/schema.org","@graph":[{"@type":"WebPage","@id":"https:\/\/exprom.ro\/en\/about-the-company\/exprom-team\/","url":"https:\/\/exprom.ro\/en\/about-the-company\/exprom-team\/","name":"Accounting experts Ia\u0219i","isPartOf":{"@id":"https:\/\/exprom.ro\/#website"},"datePublished":"2019-04-04T12:58:25+00:00","dateModified":"2023-10-11T11:05:02+00:00","description":"Our team of highly experienced and proficient accounting professionals is looking forward to meeting you. Are you in?","breadcrumb":{"@id":"https:\/\/exprom.ro\/en\/about-the-company\/exprom-team\/#breadcrumb"},"inLanguage":"en-US","potentialAction":[{"@type":"ReadAction","target":["https:\/\/exprom.ro\/en\/about-the-company\/exprom-team\/"]}]},{"@type":"BreadcrumbList","@id":"https:\/\/exprom.ro\/en\/about-the-company\/exprom-team\/#breadcrumb","itemListElement":[{"@type":"ListItem","position":1,"name":"Home","item":"https:\/\/exprom.ro\/en\/"},{"@type":"ListItem","position":2,"name":"About the company","item":"https:\/\/exprom.ro\/en\/about-the-company\/"},{"@type":"ListItem","position":3,"name":"EXPROM team"}]},{"@type":"WebSite","@id":"https:\/\/exprom.ro\/#website","url":"https:\/\/exprom.ro\/","name":"Exprom","description":"","potentialAction":[{"@type":"SearchAction","target":{"@type":"EntryPoint","urlTemplate":"https:\/\/exprom.ro\/?s={search_term_string}"},"query-input":{"@type":"PropertyValueSpecification","valueRequired":true,"valueName":"search_term_string"}}],"inLanguage":"en-US"}]}},"_links":{"self":[{"href":"https:\/\/exprom.ro\/en\/wp-json\/wp\/v2\/pages\/1250","targetHints":{"allow":["GET"]}}],"collection":[{"href":"https:\/\/exprom.ro\/en\/wp-json\/wp\/v2\/pages"}],"about":[{"href":"https:\/\/exprom.ro\/en\/wp-json\/wp\/v2\/types\/page"}],"author":[{"embeddable":true,"href":"https:\/\/exprom.ro\/en\/wp-json\/wp\/v2\/users\/1"}],"replies":[{"embeddable":true,"href":"https:\/\/exprom.ro\/en\/wp-json\/wp\/v2\/comments?post=1250"}],"version-history":[{"count":15,"href":"https:\/\/exprom.ro\/en\/wp-json\/wp\/v2\/pages\/1250\/revisions"}],"predecessor-version":[{"id":2289,"href":"https:\/\/exprom.ro\/en\/wp-json\/wp\/v2\/pages\/1250\/revisions\/2289"}],"up":[{"embeddable":true,"href":"https:\/\/exprom.ro\/en\/wp-json\/wp\/v2\/pages\/1201"}],"wp:attachment":[{"href":"https:\/\/exprom.ro\/en\/wp-json\/wp\/v2\/media?parent=1250"}],"curies":[{"name":"wp","href":"https:\/\/api.w.org\/{rel}","templated":true}]}}