{"id":1194,"date":"2019-04-12T08:35:03","date_gmt":"2019-04-12T08:35:03","guid":{"rendered":"https:\/\/exprom.ro\/blog\/"},"modified":"2019-08-30T10:34:22","modified_gmt":"2019-08-30T10:34:22","slug":"blog","status":"publish","type":"page","link":"https:\/\/exprom.ro\/en\/blog\/","title":{"rendered":"Blog"},"content":{"rendered":"<p>[vc_row][vc_column][vc_empty_space height=&#8221;60px&#8221;][vc_column_text]<strong>We provide you with relevant and complete financial information, so that you can make the best decisions!<\/strong><\/p>\n<p><strong>If you need personalized fiscal consultancy, we invite you to a discussion! Contact us at: <\/strong> <strong><a href=\"mailto:lucian.nedelcu@exprom.ro\">lucian.nedelcu@exprom.ro<\/a><\/strong>[\/vc_column_text][\/vc_column][\/vc_row][vc_row][vc_column]<div class=\"Latest_news \"><ul class=\"ul-first\"><li class=\"post-1872 post type-post status-publish format-standard has-post-thumbnail hentry category-blog-en\"><div class=\"photo\"><a href=\"https:\/\/exprom.ro\/en\/how-you-win-time\/\"><img loading=\"lazy\" decoding=\"async\" width=\"960\" height=\"750\" src=\"https:\/\/exprom.ro\/wp-content\/uploads\/2019\/09\/Cum-castigi-timp-b-960x750.png\" class=\"scale-with-grid wp-post-image\" alt=\"\" srcset=\"https:\/\/exprom.ro\/wp-content\/uploads\/2019\/09\/Cum-castigi-timp-b-960x750.png 960w, https:\/\/exprom.ro\/wp-content\/uploads\/2019\/09\/Cum-castigi-timp-b-1280x1000.png 1280w\" sizes=\"auto, (max-width:767px) 480px, (max-width:960px) 100vw, 960px\" \/><\/a><\/div><div class=\"desc\"><h5 class=\"\"><a href=\"https:\/\/exprom.ro\/en\/how-you-win-time\/\">How you win time<\/a><\/h5><div class=\"desc_footer\"><span class=\"date\"><i class=\"icon-clock\"><\/i> 11\/09\/2019<\/span><div class=\"button-love\"><\/div><\/div><\/div><\/li><li class=\"post-1870 post type-post status-publish format-standard has-post-thumbnail hentry category-blog-en\"><div class=\"photo\"><a href=\"https:\/\/exprom.ro\/en\/financial-management\/\"><img loading=\"lazy\" decoding=\"async\" width=\"960\" height=\"444\" src=\"https:\/\/exprom.ro\/wp-content\/uploads\/2019\/07\/manGEMENT-financiar-960x444.png\" class=\"scale-with-grid wp-post-image\" alt=\"\" \/><\/a><\/div><div class=\"desc\"><h5 class=\"\"><a href=\"https:\/\/exprom.ro\/en\/financial-management\/\">Financial Management<\/a><\/h5><div class=\"desc_footer\"><span class=\"date\"><i class=\"icon-clock\"><\/i> 11\/09\/2019<\/span><div class=\"button-love\"><\/div><\/div><\/div><\/li><li class=\"post-1866 post type-post status-publish format-standard has-post-thumbnail hentry category-blog-en\"><div class=\"photo\"><a href=\"https:\/\/exprom.ro\/en\/today-student-tomorrow-expert-accountant-in-three-steps\/\"><img loading=\"lazy\" decoding=\"async\" width=\"960\" height=\"750\" src=\"https:\/\/exprom.ro\/wp-content\/uploads\/2019\/07\/Azi-student-maine-expert-1-960x750.jpg\" class=\"scale-with-grid wp-post-image\" alt=\"Diplom\u0103 de apreciere - \u201eAst\u0103zi student, m\u00e2ine expert contabil\u201d, edi\u021bia a III-a\" \/><\/a><\/div><div class=\"desc\"><h5 class=\"\"><a href=\"https:\/\/exprom.ro\/en\/today-student-tomorrow-expert-accountant-in-three-steps\/\">Today student, tomorrow expert-accountant in three steps<\/a><\/h5><div class=\"desc_footer\"><span class=\"date\"><i class=\"icon-clock\"><\/i> 11\/09\/2019<\/span><div class=\"button-love\"><\/div><\/div><\/div><\/li><li class=\"post-1626 post type-post status-publish format-standard has-post-thumbnail hentry category-blog-en\"><div class=\"photo\"><a href=\"https:\/\/exprom.ro\/en\/the-psychologic-contract-the-grounds-of-healthy-labor-relationships\/\"><img loading=\"lazy\" decoding=\"async\" width=\"960\" height=\"667\" src=\"https:\/\/exprom.ro\/wp-content\/uploads\/2019\/08\/HR-960x667.jpg\" class=\"scale-with-grid wp-post-image\" alt=\"Contractul psihologic \u2013 fundament al rela\u021biilor de munc\u0103 s\u0103n\u0103toase\" \/><\/a><\/div><div class=\"desc\"><h5 class=\"\"><a href=\"https:\/\/exprom.ro\/en\/the-psychologic-contract-the-grounds-of-healthy-labor-relationships\/\">\u00a0The psychologic contract \u2013 the grounds of healthy labor relationships<\/a><\/h5><div class=\"desc_footer\"><span class=\"date\"><i class=\"icon-clock\"><\/i> 13\/08\/2019<\/span><div class=\"button-love\"><\/div><\/div><\/div><\/li><li class=\"post-1549 post type-post status-publish format-standard has-post-thumbnail hentry category-blog-en tag-clar-contabilitatea-este-linistea-afacerilor-reusite-en\"><div class=\"photo\"><a href=\"https:\/\/exprom.ro\/en\/accounting-is-the-tranquility-of-a-successful-business\/\"><img loading=\"lazy\" decoding=\"async\" width=\"960\" height=\"750\" src=\"https:\/\/exprom.ro\/wp-content\/uploads\/2019\/06\/Contabil-960x750.jpg\" class=\"scale-with-grid wp-post-image\" alt=\"CLAR: Contabilitatea este Lini\u0219tea Afacerilor Reu\u0219ite\" \/><\/a><\/div><div class=\"desc\"><h5 class=\"\"><a href=\"https:\/\/exprom.ro\/en\/accounting-is-the-tranquility-of-a-successful-business\/\">Accounting is the tranquility of a successful business<\/a><\/h5><div class=\"desc_footer\"><span class=\"date\"><i class=\"icon-clock\"><\/i> 06\/08\/2019<\/span><div class=\"button-love\"><\/div><\/div><\/div><\/li><li class=\"post-1347 post type-post status-publish format-standard has-post-thumbnail hentry category-blog-en\"><div class=\"photo\"><a href=\"https:\/\/exprom.ro\/en\/why-personal-budget\/\"><img loading=\"lazy\" decoding=\"async\" width=\"626\" height=\"417\" src=\"https:\/\/exprom.ro\/wp-content\/uploads\/2019\/03\/Buget.jpg\" class=\"scale-with-grid wp-post-image\" alt=\"Buget personal\" srcset=\"https:\/\/exprom.ro\/wp-content\/uploads\/2019\/03\/Buget.jpg 626w, https:\/\/exprom.ro\/wp-content\/uploads\/2019\/03\/Buget-300x200.jpg 300w, https:\/\/exprom.ro\/wp-content\/uploads\/2019\/03\/Buget-219x146.jpg 219w, https:\/\/exprom.ro\/wp-content\/uploads\/2019\/03\/Buget-50x33.jpg 50w, https:\/\/exprom.ro\/wp-content\/uploads\/2019\/03\/Buget-113x75.jpg 113w\" sizes=\"auto, (max-width:767px) 480px, 626px\" \/><\/a><\/div><div class=\"desc\"><h5 class=\"\"><a href=\"https:\/\/exprom.ro\/en\/why-personal-budget\/\">Why personal budget?<\/a><\/h5><div class=\"desc_footer\"><span class=\"date\"><i class=\"icon-clock\"><\/i> 26\/03\/2019<\/span><div class=\"button-love\"><\/div><\/div><\/div><\/li><\/ul><\/div>\n[\/vc_column][\/vc_row][vc_row][vc_column][\/vc_column][\/vc_row]<\/p>\n","protected":false},"excerpt":{"rendered":"<p>[vc_row][vc_column][vc_empty_space height=&#8221;60px&#8221;][vc_column_text]We provide you with relevant and complete financial information, so that you can make the best decisions! If you need personalized fiscal consultancy, we invite<span class=\"excerpt-hellip\"> [\u2026]<\/span><\/p>\n","protected":false},"author":1,"featured_media":0,"parent":0,"menu_order":0,"comment_status":"open","ping_status":"open","template":"","meta":{"footnotes":""},"class_list":["post-1194","page","type-page","status-publish","hentry"],"yoast_head":"<!-- This site is optimized with the Yoast SEO plugin v25.6 - https:\/\/yoast.com\/wordpress\/plugins\/seo\/ -->\n<title>The information you need for a successful business<\/title>\n<meta name=\"description\" content=\"We provide you with relevant financial information so that you can make the best decisions. You can count on us for good advice and fiscal consultancy.\" \/>\n<meta name=\"robots\" content=\"index, follow, max-snippet:-1, max-image-preview:large, max-video-preview:-1\" \/>\n<link rel=\"canonical\" href=\"https:\/\/exprom.ro\/en\/blog\/\" \/>\n<meta property=\"og:locale\" content=\"en_US\" \/>\n<meta property=\"og:type\" content=\"article\" \/>\n<meta property=\"og:title\" content=\"The information you need for a successful business\" \/>\n<meta property=\"og:description\" content=\"We provide you with relevant financial information so that you can make the best decisions. You can count on us for good advice and fiscal consultancy.\" \/>\n<meta property=\"og:url\" content=\"https:\/\/exprom.ro\/en\/blog\/\" \/>\n<meta property=\"og:site_name\" content=\"Exprom\" \/>\n<meta property=\"article:modified_time\" content=\"2019-08-30T10:34:22+00:00\" \/>\n<meta property=\"og:image\" content=\"https:\/\/exprom.ro\/wp-content\/uploads\/2019\/04\/banner-homepage4.jpg\" \/>\n\t<meta property=\"og:image:width\" content=\"1177\" \/>\n\t<meta property=\"og:image:height\" content=\"677\" \/>\n\t<meta property=\"og:image:type\" content=\"image\/jpeg\" \/>\n<meta name=\"twitter:card\" content=\"summary_large_image\" \/>\n<!-- \/ Yoast SEO plugin. -->","yoast_head_json":{"title":"The information you need for a successful business","description":"We provide you with relevant financial information so that you can make the best decisions. You can count on us for good advice and fiscal consultancy.","robots":{"index":"index","follow":"follow","max-snippet":"max-snippet:-1","max-image-preview":"max-image-preview:large","max-video-preview":"max-video-preview:-1"},"canonical":"https:\/\/exprom.ro\/en\/blog\/","og_locale":"en_US","og_type":"article","og_title":"The information you need for a successful business","og_description":"We provide you with relevant financial information so that you can make the best decisions. You can count on us for good advice and fiscal consultancy.","og_url":"https:\/\/exprom.ro\/en\/blog\/","og_site_name":"Exprom","article_modified_time":"2019-08-30T10:34:22+00:00","og_image":[{"width":1177,"height":677,"url":"https:\/\/exprom.ro\/wp-content\/uploads\/2019\/04\/banner-homepage4.jpg","type":"image\/jpeg"}],"twitter_card":"summary_large_image","schema":{"@context":"https:\/\/schema.org","@graph":[{"@type":"WebPage","@id":"https:\/\/exprom.ro\/en\/blog\/","url":"https:\/\/exprom.ro\/en\/blog\/","name":"The information you need for a successful business","isPartOf":{"@id":"https:\/\/exprom.ro\/#website"},"datePublished":"2019-04-12T08:35:03+00:00","dateModified":"2019-08-30T10:34:22+00:00","description":"We provide you with relevant financial information so that you can make the best decisions. You can count on us for good advice and fiscal consultancy.","breadcrumb":{"@id":"https:\/\/exprom.ro\/en\/blog\/#breadcrumb"},"inLanguage":"en-US","potentialAction":[{"@type":"ReadAction","target":["https:\/\/exprom.ro\/en\/blog\/"]}]},{"@type":"BreadcrumbList","@id":"https:\/\/exprom.ro\/en\/blog\/#breadcrumb","itemListElement":[{"@type":"ListItem","position":1,"name":"Home","item":"https:\/\/exprom.ro\/en\/"},{"@type":"ListItem","position":2,"name":"Blog"}]},{"@type":"WebSite","@id":"https:\/\/exprom.ro\/#website","url":"https:\/\/exprom.ro\/","name":"Exprom","description":"","potentialAction":[{"@type":"SearchAction","target":{"@type":"EntryPoint","urlTemplate":"https:\/\/exprom.ro\/?s={search_term_string}"},"query-input":{"@type":"PropertyValueSpecification","valueRequired":true,"valueName":"search_term_string"}}],"inLanguage":"en-US"}]}},"_links":{"self":[{"href":"https:\/\/exprom.ro\/en\/wp-json\/wp\/v2\/pages\/1194","targetHints":{"allow":["GET"]}}],"collection":[{"href":"https:\/\/exprom.ro\/en\/wp-json\/wp\/v2\/pages"}],"about":[{"href":"https:\/\/exprom.ro\/en\/wp-json\/wp\/v2\/types\/page"}],"author":[{"embeddable":true,"href":"https:\/\/exprom.ro\/en\/wp-json\/wp\/v2\/users\/1"}],"replies":[{"embeddable":true,"href":"https:\/\/exprom.ro\/en\/wp-json\/wp\/v2\/comments?post=1194"}],"version-history":[{"count":4,"href":"https:\/\/exprom.ro\/en\/wp-json\/wp\/v2\/pages\/1194\/revisions"}],"predecessor-version":[{"id":1502,"href":"https:\/\/exprom.ro\/en\/wp-json\/wp\/v2\/pages\/1194\/revisions\/1502"}],"wp:attachment":[{"href":"https:\/\/exprom.ro\/en\/wp-json\/wp\/v2\/media?parent=1194"}],"curies":[{"name":"wp","href":"https:\/\/api.w.org\/{rel}","templated":true}]}}